{"id":77,"date":"2015-12-05T11:16:49","date_gmt":"2015-12-05T10:16:49","guid":{"rendered":"https:\/\/www.cloemcv.il.pw.edu.pl\/?page_id=77"},"modified":"2022-11-19T11:26:27","modified_gmt":"2022-11-19T10:26:27","slug":"do-pobrania","status":"publish","type":"page","link":"https:\/\/www.cloemcv.il.pw.edu.pl\/?page_id=77&lang=pl","title":{"rendered":"Do pobrania"},"content":{"rendered":"<p><strong>Rezultaty CLOEMC V<\/strong><\/p>\n<p><code><div class=\"kcc_block\" title=\"Link:\" onclick=\"document.location.href='https:\/\/www.cloemcv.il.pw.edu.pl?download=1&#038;kccpid=77&#038;kcccount=https:\/\/www.cloemcv.il.pw.edu.pl\/wp-content\/uploads\/2022\/11\/CLOEMC-V-conspectuses-FINAL.pdf'\">\r\n\t<img decoding=\"async\" class=\"alignleft\" src=\"https:\/\/www.cloemcv.il.pw.edu.pl\/wp-content\/plugins\/kama-clic-counter\/assets\/icons\/pdf.png\" alt=\"\" \/>\r\n\r\n\t<div class=\"kcc_info_wrap\">\r\n\t\t<a class=\"kcc_link\" href=\"https:\/\/www.cloemcv.il.pw.edu.pl?download=1&#038;kccpid=77&#038;kcccount=https:\/\/www.cloemcv.il.pw.edu.pl\/wp-content\/uploads\/2022\/11\/CLOEMC-V-conspectuses-FINAL.pdf\" title=\"CLOEMC-V-conspectuses-FINAL.pdf\">Link: IO1-Konspekty<\/a>\r\n\t\t<div class=\"kcc_desc\"><\/div>\r\n\t\t<div class=\"kcc_info\">Link clicks: 307<\/div>\r\n\t<\/div>\r\n\t\r\n<\/div>\r\n\r\n<style>\r\n\t.kcc_block{ position:relative; padding:1em 0 2em; transition:background-color 0.4s; cursor:pointer; }\r\n\t.kcc_block img{ float:left; width:2.1em; height:auto; margin:0; border:0px !important; box-shadow:none !important; }\r\n\t.kcc_block .kcc_info_wrap{ padding-left:1em; margin-left:2.1em; }\r\n\t.kcc_block a{ border-bottom:0; }\r\n\t.kcc_block a.kcc_link{ text-decoration:none; display:block; font-size:150%; line-height:1.2; }\r\n\t.kcc_block .kcc_desc{ color:#666; }\r\n\t.kcc_block .kcc_info{ font-size:80%; color:#aaa; }\r\n\t.kcc_block:hover a{ text-decoration:none !important; }\r\n\t.kcc_block .kcc-edit-link{ position:absolute; top:0; right:.2em; }\r\n\t.kcc_block:after{ content:\"\"; display:table; clear:both; }\r\n<\/style><\/code><\/p>\n<p><code><div class=\"kcc_block\" title=\"Link:\" onclick=\"document.location.href='https:\/\/www.cloemcv.il.pw.edu.pl?download=1&#038;kccpid=77&#038;kcccount=https:\/\/chmura.il.pw.edu.pl\/index.php\/s\/KLEgRYRmTgd3SMr'\">\r\n\t<img decoding=\"async\" class=\"alignleft\" src=\"https:\/\/www.cloemcv.il.pw.edu.pl\/wp-content\/plugins\/kama-clic-counter\/assets\/icons\/default.png\" alt=\"\" \/>\r\n\r\n\t<div class=\"kcc_info_wrap\">\r\n\t\t<a class=\"kcc_link\" href=\"https:\/\/www.cloemcv.il.pw.edu.pl?download=1&#038;kccpid=77&#038;kcccount=https:\/\/chmura.il.pw.edu.pl\/index.php\/s\/KLEgRYRmTgd3SMr\" title=\"chmura.il.pw.edu.pl\/index.php\/s\/KLEgRYRmTgd3SMr\">Link: IO2-IO8 - Podr\u0119czniki<\/a>\r\n\t\t<div class=\"kcc_desc\"><\/div>\r\n\t\t<div class=\"kcc_info\">Link clicks: 521<\/div>\r\n\t<\/div>\r\n\t\r\n<\/div>\r\n\r\n<style>\r\n\t.kcc_block{ position:relative; padding:1em 0 2em; transition:background-color 0.4s; cursor:pointer; }\r\n\t.kcc_block img{ float:left; width:2.1em; height:auto; margin:0; border:0px !important; box-shadow:none !important; }\r\n\t.kcc_block .kcc_info_wrap{ padding-left:1em; margin-left:2.1em; }\r\n\t.kcc_block a{ border-bottom:0; }\r\n\t.kcc_block a.kcc_link{ text-decoration:none; display:block; font-size:150%; line-height:1.2; }\r\n\t.kcc_block .kcc_desc{ color:#666; }\r\n\t.kcc_block .kcc_info{ font-size:80%; color:#aaa; }\r\n\t.kcc_block:hover a{ text-decoration:none !important; }\r\n\t.kcc_block .kcc-edit-link{ position:absolute; top:0; right:.2em; }\r\n\t.kcc_block:after{ content:\"\"; display:table; clear:both; }\r\n<\/style><\/code><\/p>\n<p><a href=\"https:\/\/www.cloemcv.il.pw.edu.pl\/wp-content\/uploads\/2020\/02\/library.jpg\"><img loading=\"lazy\" decoding=\"async\" class=\"alignnone size-full wp-image-888\" src=\"https:\/\/www.cloemcv.il.pw.edu.pl\/wp-content\/uploads\/2020\/02\/library.jpg\" alt=\"\" width=\"769\" height=\"229\" srcset=\"https:\/\/www.cloemcv.il.pw.edu.pl\/wp-content\/uploads\/2020\/02\/library.jpg 769w, https:\/\/www.cloemcv.il.pw.edu.pl\/wp-content\/uploads\/2020\/02\/library-300x89.jpg 300w\" sizes=\"auto, (max-width: 769px) 100vw, 769px\" \/><\/a><br \/>\n&nbsp;<\/p>\n<p><strong>REZULTATY POPRZEDNICH PROJEKT\u00d3W:<\/strong><\/p>\n<p><a href=\"https:\/\/chmura.il.pw.edu.pl\/index.php\/s\/ruzzanAsCQxYhdg\" target=\"_blank\" rel=\"noopener noreferrer\">Podr\u0119czniki CLOEMC IV.<\/a><\/p>\n<p><a href=\"https:\/\/chmura.il.pw.edu.pl\/index.php\/s\/dcM0sils3tCd5GY\" target=\"_blank\" rel=\"noopener noreferrer\">Podr\u0119czniki CLOEMC I-III.<\/a><\/p>\n<p>&nbsp;<\/p>\n","protected":false},"excerpt":{"rendered":"<p>Rezultaty CLOEMC V &nbsp; REZULTATY POPRZEDNICH PROJEKT\u00d3W: Podr\u0119czniki CLOEMC IV. Podr\u0119czniki CLOEMC I-III. &nbsp;<\/p>\n","protected":false},"author":1,"featured_media":0,"parent":0,"menu_order":0,"comment_status":"closed","ping_status":"closed","template":"","meta":{"ngg_post_thumbnail":0,"footnotes":""},"class_list":["post-77","page","type-page","status-publish","hentry"],"_links":{"self":[{"href":"https:\/\/www.cloemcv.il.pw.edu.pl\/index.php?rest_route=\/wp\/v2\/pages\/77","targetHints":{"allow":["GET"]}}],"collection":[{"href":"https:\/\/www.cloemcv.il.pw.edu.pl\/index.php?rest_route=\/wp\/v2\/pages"}],"about":[{"href":"https:\/\/www.cloemcv.il.pw.edu.pl\/index.php?rest_route=\/wp\/v2\/types\/page"}],"author":[{"embeddable":true,"href":"https:\/\/www.cloemcv.il.pw.edu.pl\/index.php?rest_route=\/wp\/v2\/users\/1"}],"replies":[{"embeddable":true,"href":"https:\/\/www.cloemcv.il.pw.edu.pl\/index.php?rest_route=%2Fwp%2Fv2%2Fcomments&post=77"}],"version-history":[{"count":11,"href":"https:\/\/www.cloemcv.il.pw.edu.pl\/index.php?rest_route=\/wp\/v2\/pages\/77\/revisions"}],"predecessor-version":[{"id":1278,"href":"https:\/\/www.cloemcv.il.pw.edu.pl\/index.php?rest_route=\/wp\/v2\/pages\/77\/revisions\/1278"}],"wp:attachment":[{"href":"https:\/\/www.cloemcv.il.pw.edu.pl\/index.php?rest_route=%2Fwp%2Fv2%2Fmedia&parent=77"}],"curies":[{"name":"wp","href":"https:\/\/api.w.org\/{rel}","templated":true}]}}