{"id":72,"date":"2015-12-05T11:11:32","date_gmt":"2015-12-05T10:11:32","guid":{"rendered":"https:\/\/www.cloemcv.il.pw.edu.pl\/?page_id=72"},"modified":"2020-12-23T17:28:03","modified_gmt":"2020-12-23T16:28:03","slug":"partnerstwo","status":"publish","type":"page","link":"https:\/\/www.cloemcv.il.pw.edu.pl\/?page_id=72&lang=pl","title":{"rendered":"Partnerstwo"},"content":{"rendered":"<p><strong>Promotor:<\/strong><\/p>\n<p><a href=\"https:\/\/www.il.pw.edu.pl\/\" target=\"_blank\" rel=\"noopener noreferrer\">Wydzia\u0142 In\u017cynierii L\u0105dowej Politechnika Warszawska, PL<\/a><\/p>\n<p><img loading=\"lazy\" decoding=\"async\" class=\"alignnone\" src=\"http:\/\/www.arcw.il.pw.edu.pl\/wp-content\/uploads\/2015\/05\/logo_pw.png\" alt=\"\" width=\"198\" height=\"198\"><\/p>\n<p>Wydzia\u0142 In\u017cynierii L\u0105dowej powsta\u0142 w 1915 roku jako jeden z trzech najstarszych wydzia\u0142\u00f3w uczelni, ale jego tradycje si\u0119gaj\u0105 pocz\u0105tk\u00f3w XIX wieku. Obecnie mie\u015bci si\u0119 we w\u0142asnym gmachu przy al. Armii Ludowej 16, gdzie znajduje si\u0119 wi\u0119kszo\u015b\u0107 sal wyk\u0142adowych oraz laboratori\u00f3w dydaktycznych i badawczych. W ostatnich latach Wydzia\u0142 przyjmuje rocznie oko\u0142o 300 student\u00f3w na studia stacjonarne i tak\u0105 sam\u0105 liczb\u0119 os\u00f3b na studia niestacjonarne. Og\u00f3lna liczba student\u00f3w na pocz\u0105tku roku akademickiego wynosi\u0142a oko\u0142o 2500.<\/p>\n<p>Wydzia\u0142 In\u017cynierii L\u0105dowej oferuje studentom trzy specjalno\u015bci: Konstrukcje Budowlane i In\u017cynierskie, In\u017cynieria Komunikacyjna oraz In\u017cynieria Produkcji Budowlanej. W ramachspecjalizacji dodatkowo oferowane s\u0105 nast\u0119puj\u0105ce kursy dyplomowe: Teoria Konstrukcji oraz Mosty i Budowle Podziemne. Od RA 2008\/9 na studiach stacjonarnych pierwszego stopnia jest tak\u017ce dost\u0119pna specjalno\u015b\u0107 Budownictwo Energooszcz\u0119dne.<\/p>\n<p>Wydzia\u0142 zatrudnia ponad 150 pracownik\u00f3w na etatach naukowo-dydaktycznych w tym ponad 20 profesor\u00f3w (z czego wi\u0119kszo\u015b\u0107 z tytu\u0142em naukowym), a tak\u017ce adiunkt\u00f3w ze stopniem doktora habilitowanego oraz adiunkt\u00f3w ze stopniem doktora. Kadr\u0119 Wydzia\u0142u tworzy ponadto grupa ponad 80 os\u00f3b personelu techniczno-administracyjnego.<\/p>\n<p>Wydzia\u0142 sk\u0142ada si\u0119 z nast\u0119puj\u0105cych jednostek organizacyjnych: Instytutu Dr\u00f3g i Most\u00f3w oraz Instytutu In\u017cynierii Budowlanej.<\/p>\n<p>Wydzia\u0142 wsp\u00f3\u0142pracuje z wieloma uczelniami zagranicznymi, w tym z Uniwersytetem Michigan w Stanach Zjednoczonych, Politechnik\u0105 w Darmstadt, Politechnik\u0105 Gedymina w Wilnie, Moskiewsk\u0105 Akademi\u0105 Budownictwa oraz Akademi\u0105 Budownictwa i Architektury w Dniepropietrowsku, Uniwersytetem w Liege, Uniwersytetem Technicznym (RWTH) w Aachen, Katolickim Uniwersytetem w Leuven, Instytutem Badawczym (IRMA) w Lublianie oraz Instytutem Technologii i Norm (NIST) w Gaithersburgu.<\/p>\n<p>&nbsp;<\/p>\n<p><strong>Partnerzy:<\/strong><\/p>\n<p><a href=\"https:\/\/www.tu-darmstadt.de\/\" target=\"_blank\" rel=\"noopener noreferrer\">Technische Universit\u00e4t Darmstadt, DE<\/a><\/p>\n<p><img loading=\"lazy\" decoding=\"async\" class=\"alignnone\" src=\"http:\/\/www.arcw.il.pw.edu.pl\/wp-content\/uploads\/2015\/05\/DARM-logo.png\" alt=\"\" width=\"263\" height=\"109\"><\/p>\n<p>Instytut Technologii i Zarz\u0105dzania w Budownictwie jest wiod\u0105cym instytutem na Wydziale In\u017cynierii L\u0105dowej i Geodezji Technische Universit\u00e4t Darmstadt (Politechnika w Darmstadt). Jego personel sk\u0142ada si\u0119 z jednego profesora zwyczajnego (prof Motzko), jednego wyk\u0142adowcy (dr Klingenberger), trzech profesor\u00f3w nadzwyczajnych oraz 15 asystent\u00f3w naukowych. G\u0142\u00f3wne obszary bada\u0144 to: Symulacje i Kontroling (symulacja w czasie rzeczywistym, monitorowanie i kontrolowanie prac budowlanych; Zarz\u0105dzanie \u0142a\u0144cuchem dostaw); Organizacja w budownictwie (Bezpiecze\u0144stwo i Higiena Pracy w Budownictwie, alokacja ryzyka projektu w kontraktach budowlanych); Process Engineering (Automatyka w technologii budowlanej, Beton architektoniczny, technologia deskowania); Nieruchomo\u015bci i Facility Management.<\/p>\n<p>&nbsp;<\/p>\n<p><a href=\"https:\/\/www.psmb.pl\" target=\"_blank\" rel=\"noopener noreferrer\">Polskie Stowarzyszenie Mened\u017cer\u00f3w Budownictwa, PL<\/a><\/p>\n<p><img loading=\"lazy\" decoding=\"async\" class=\" alignnone\" src=\"http:\/\/www.arcw.il.pw.edu.pl\/wp-content\/uploads\/2015\/05\/logo-PSMB-z-bialym-tlem.gif\" alt=\"\" width=\"184\" height=\"259\"><\/p>\n<p>PSMB powo\u0142ano we wsp\u00f3\u0142pracy z The Association of European Building Surveyors and Construction Experts (AEEBC) oraz The Chartered Institute of Building (CIOB) \u2013 mi\u0119dzynarodowymi organizacjami zrzeszaj\u0105cymi podmioty i instytucje pa\u0144stw europejskich, w celu kszta\u0142cenia i certyfikacji kwalifikacji mened\u017cerskich kadr budownictwa.<br \/>\nPSMB dzia\u0142a na zasadzie non profit nie korzystaj\u0105c z \u017cadnych preferencji, ani ustawowego nakazu przynale\u017cno\u015bci do okre\u015blonych organizacji zawodowych.<br \/>\nMerytoryczne podstawy dzia\u0142alno\u015bci Stowarzyszenia opracowano i sformu\u0142owano przy wsparciu \u015brodk\u00f3w unijnych, w celu wyr\u00f3wnania kwalifikacji polskich mened\u017cer\u00f3w budownictwa do standard\u00f3w europejskich oraz przygotowania ich do prowadzenia dzia\u0142alno\u015bci gospodarczej na rynku mi\u0119dzynarodowym.<br \/>\nG\u0142\u00f3wne cele i zadania PSMB:<\/p>\n<ul>\n<li>Wspomaganie in\u017cynier\u00f3w w uzyskaniu kwalifikacji mened\u017cerskich, niezb\u0119dnych do dzia\u0142alno\u015bci gospodarczej w budownictwie.<\/li>\n<li>Pomoc w rozpoznaniu kompetencji mened\u017cerskich na rynku Unii Europejskiej.<\/li>\n<li>Integracja dzia\u0142alno\u015bci mened\u017cerskiej w budownictwie.<\/li>\n<li>Wsp\u00f3\u0142praca z pokrewnymi stowarzyszeniami zagranicznymi w celu wymiany do\u015bwiadcze\u0144.<\/li>\n<li>Reprezentowanie stanowiska polskich mened\u017cer\u00f3w oraz interesu przedsi\u0119biorstw budowlanych, wobec administracji pa\u0144stwa z uwzgl\u0119dnieniem powstaj\u0105cych akt\u00f3w prawnych.<\/li>\n<li>Promowanie zabezpiecze\u0144 sfery publicznej od niepewnych i nieprofesjonalnych praktyk i zachowa\u0144 w budownictwie.<\/li>\n<li>Weryfikacja \u2013 uzyskanych w dzia\u0142alno\u015bci gospodarczej \u2013 kwalifikacji mened\u017cerskich in\u017cynier\u00f3w, w celu zakwalifikowania ich do odpowiedniej specjalno\u015bci zawodowej.<\/li>\n<li>Certyfikacja oraz nadawanie okre\u015blonej kategorii (stopnia) cz\u0142onkostwa w Stowarzyszeniu.<\/li>\n<li>Tworzenie merytorycznych i formalnych podstaw uznawania kwalifikacji mened\u017cerskich w Unii Europejskiej.<\/li>\n<li>U\u0142atwianie poszerzania kwalifikacji i zwi\u0119kszania mened\u017cerskich umiej\u0119tno\u015bci w budownictwie (m.in. poprzez uruchomienie mened\u017cerskich studi\u00f3w uzupe\u0142niaj\u0105cych dla absolwent\u00f3w wy\u017cszych uczelni technicznych).<\/li>\n<li>Przyj\u0119cie, ocena i weryfikacja wniosk\u00f3w kandydat\u00f3w ubiegaj\u0105cych si\u0119 o status Europejskiego Eksperta Budowlanego, zgodnie z wymogami oraz standardami AEEBC.<\/li>\n<li>Ponoszenie odpowiedzialno\u015bci za ocen\u0119 rekomendowanych kandydat\u00f3w, dopuszczonych do II etapu kwalifikacji na szczeblu europejskim.<\/li>\n<\/ul>\n<p>&nbsp;<\/p>\n<p>&nbsp;<\/p>\n<p><a href=\"http:\/\/www.upv.es\/\" target=\"_blank\" rel=\"noopener noreferrer\">Universitat Polit\u00e8cnica de Val\u00e8ncia, ES<\/a><\/p>\n<p><img loading=\"lazy\" decoding=\"async\" class=\" alignnone\" src=\"https:\/\/www.cloemcv.il.pw.edu.pl\/wp-content\/uploads\/2020\/02\/upv-roll.png\" alt=\"\" width=\"287\" height=\"86\"><\/p>\n<p>Politechnika w Walencji jest hiszpa\u0144skim uniwersytetem z siedzib\u0105 w Walencji, specjalizuj\u0105cym si\u0119 w nauce i technologii. Zosta\u0142 za\u0142o\u017cony w 1968 roku jako Wy\u017csza Szko\u0142a Politechniczna w Walencji, a w 1971 roku zosta\u0142 uniwersytetem, ale niekt\u00f3re z jego szk\u00f3\u0142 maj\u0105 ponad 100 lat.<\/p>\n<p>&nbsp;<\/p>\n<p>&nbsp;<\/p>\n<p><a href=\"https:\/\/www.aeebc.org\" target=\"_blank\" rel=\"noopener noreferrer\">Association of Building Surveyors and Construction Experts, UK\/BE<\/a><\/p>\n<p><img loading=\"lazy\" decoding=\"async\" class=\" alignnone\" src=\"https:\/\/www.cloemcv.il.pw.edu.pl\/wp-content\/uploads\/2020\/12\/aeebc.jpg\" alt=\"\" width=\"254\" height=\"226\"><\/p>\n<p>AEEBC powsta\u0142a w 1990 roku i zrzesza ekspert\u00f3w budowlanych posiadaj\u0105cych kwalifikacje zawodowe w zakresie proces\u00f3w technologicznych i zarz\u0105dzania projektowaniem, wykonawstwem, remontami i naprawami, zgodnie z ustawodawstwem krajowym danego kraju. Ich do\u015bwiadczenie obejmuje doradztwo w zakresie: b\u0142\u0119d\u00f3w projektowych i wykonawczych; ochrony obiekt\u00f3w; projektowania i wykonawstwa nowych budynk\u00f3w; zarz\u0105dzania projektami i wykonawstwem; konserwacji obiekt\u00f3w, remont\u00f3w i odnawiania obiekt\u00f3w; doradztwa prawnego i ekspertyz s\u0105dowych. Cz\u0142onkowie AEEBC \u015bwiadcz\u0105 us\u0142ugi inwestorom oraz u\u017cytkownikom obiekt\u00f3w w zakresie projektowania, wykonawstwa, rozbudowy, modernizacji, konserwacji i naprawy obiekt\u00f3w. Ich porady obejmuj\u0105 technologi\u0119, zarz\u0105dzanie, ekonomi\u0119 i finanse, zagadnienia prawne i ekologiczne, na ka\u017cdym z etap\u00f3w projektu inwestycyjnego.<\/p>\n<p>&nbsp;<\/p>\n<p><a href=\"http:\/\/www.korporacjaradex.pl\/\" target=\"_blank\" rel=\"noopener noreferrer\">Korporacja RADEX S.A., PL<\/a><\/p>\n<p><img loading=\"lazy\" decoding=\"async\" class=\"alignnone\" src=\"https:\/\/www.arsc.il.pw.edu.pl\/wp-content\/uploads\/2020\/02\/korporacja-radex.jpg\" alt=\"\" width=\"320\" height=\"202\"><\/p>\n<p>p\u00f3\u0142ka pe\u0142ni rol\u0119:<\/p>\n<ul>\n<li>koordynatora przedsi\u0119wzi\u0119\u0107 z przygotowaniem inwestycji budowlanych,<\/li>\n<li>inwestora zast\u0119pczegp dla wyj\u0105tkowo skomplikowanych, du\u017cych projekt\u00f3w inwestycyjnych,<\/li>\n<li>organizatora finansowania du\u017cych przedsi\u0119wzi\u0119\u0107 inwestycyjnych.<\/li>\n<\/ul>\n<p align=\"justify\">W swojej dzia\u0142alno\u015bci wsp\u00f3\u0142pracuje z czo\u0142owymi polskimi oraz europejskimi deweloperami, koncernami budowlanymi, bankami oraz funduszami inwestycyjnymi, specjalizuj\u0105c si\u0119 w zarz\u0105dzaniu procesami inwestycyjnymi.<\/p>\n<p>Za swoje osi\u0105gni\u0119cia Korporacja Radex S.A. zosta\u0142a wyr\u00f3\u017cniona wieloma odznaczeniami w tym m.in.:<\/p>\n<ul>\n<li>Medalem PAN im. T. Kotarbi\u0144skiego<\/li>\n<li>Z\u0142ot\u0105 Odznak\u0105 &#8220;Zas\u0142u\u017cony dla Budownictwa&#8221;<\/li>\n<li>Medalem Europejskim<\/li>\n<li>Europejskim Certyfikatem &#8220;Rzetelni w Biznesie&#8221;<\/li>\n<\/ul>\n<p>tytu\u0142ami:<\/p>\n<ul>\n<li>&#8220;Budowa Roku&#8221; i &#8220;Proces Inwestycyjny Roku&#8221;<\/li>\n<li>&#8220;Pracodawca Roku w Budownictwie&#8221;<\/li>\n<li>&#8220;Ambasador Polskiej Gospodarki&#8221;<\/li>\n<li>&#8220;Lider Zr\u00f3wnowa\u017conego Rozwoju&#8221;<\/li>\n<\/ul>\n<p>oraz god\u0142ami:<\/p>\n<ul>\n<li>Teraz Polska za zarz\u0105dzanie procesem inwestycyjnym oraz wynajem powierzchni u\u017cytkowych<\/li>\n<li>Quality International w kategoriach: zarz\u0105dzanie najwy\u017cszej jako\u015bci oraz us\u0142ugi najwy\u017cszej jako\u015bci<\/li>\n<\/ul>\n<p align=\"justify\">Korporacja Radex S.A. opr\u00f3cz autorskiego know-how stosuje zintegrowany system zarz\u0105dzania, certyfikowany na&nbsp;zgodno\u015b\u0107 z normami: ISO 9001, ISO 14001, ISO 18001 oraz ISO 27001.<\/p>\n<p>Niezale\u017cnie od strefy inwestycyjnej Korporacja Radex S.A. prowadzi dzia\u0142alno\u015b\u0107 w zakresie wynajmu powierzchni komercyjnej, tworz\u0105cych <a href=\"http:\/\/www.korporacjaradex.pl\/marywilska_park\/index.html\"><b>Korporacja Radex Business Park w Warszawie<\/b><\/a> &#8211; centrum biznesowe, kt\u00f3rego jest w\u0142a\u015bcicielem i operatorem.<\/p>\n<p>Jest tak\u017ce wsp\u00f3\u0142za\u0142o\u017cycielem i koordynatorem <a href=\"http:\/\/www.klastercop.pl\"><b>Klastra Przemys\u0142owego COP.<\/b><\/a><\/p>\n<p>&nbsp;<\/p>\n","protected":false},"excerpt":{"rendered":"<p>Promotor: Wydzia\u0142 In\u017cynierii L\u0105dowej Politechnika Warszawska, PL Wydzia\u0142 In\u017cynierii L\u0105dowej powsta\u0142 w 1915 roku jako jeden z trzech najstarszych wydzia\u0142\u00f3w uczelni, ale jego tradycje si\u0119gaj\u0105 pocz\u0105tk\u00f3w XIX wieku. Obecnie mie\u015bci si\u0119 we w\u0142asnym gmachu przy al. Armii Ludowej 16, gdzie znajduje si\u0119 wi\u0119kszo\u015b\u0107 sal wyk\u0142adowych oraz laboratori\u00f3w dydaktycznych i badawczych. W ostatnich latach Wydzia\u0142 przyjmuje &hellip; <a href=\"https:\/\/www.cloemcv.il.pw.edu.pl\/?page_id=72&#038;lang=pl\" class=\"more-link\">Continue reading <span class=\"screen-reader-text\">Partnerstwo<\/span> <span class=\"meta-nav\">&rarr;<\/span><\/a><\/p>\n","protected":false},"author":1,"featured_media":0,"parent":0,"menu_order":0,"comment_status":"closed","ping_status":"closed","template":"","meta":{"ngg_post_thumbnail":0,"footnotes":""},"class_list":["post-72","page","type-page","status-publish","hentry"],"_links":{"self":[{"href":"https:\/\/www.cloemcv.il.pw.edu.pl\/index.php?rest_route=\/wp\/v2\/pages\/72","targetHints":{"allow":["GET"]}}],"collection":[{"href":"https:\/\/www.cloemcv.il.pw.edu.pl\/index.php?rest_route=\/wp\/v2\/pages"}],"about":[{"href":"https:\/\/www.cloemcv.il.pw.edu.pl\/index.php?rest_route=\/wp\/v2\/types\/page"}],"author":[{"embeddable":true,"href":"https:\/\/www.cloemcv.il.pw.edu.pl\/index.php?rest_route=\/wp\/v2\/users\/1"}],"replies":[{"embeddable":true,"href":"https:\/\/www.cloemcv.il.pw.edu.pl\/index.php?rest_route=%2Fwp%2Fv2%2Fcomments&post=72"}],"version-history":[{"count":6,"href":"https:\/\/www.cloemcv.il.pw.edu.pl\/index.php?rest_route=\/wp\/v2\/pages\/72\/revisions"}],"predecessor-version":[{"id":915,"href":"https:\/\/www.cloemcv.il.pw.edu.pl\/index.php?rest_route=\/wp\/v2\/pages\/72\/revisions\/915"}],"wp:attachment":[{"href":"https:\/\/www.cloemcv.il.pw.edu.pl\/index.php?rest_route=%2Fwp%2Fv2%2Fmedia&parent=72"}],"curies":[{"name":"wp","href":"https:\/\/api.w.org\/{rel}","templated":true}]}}