{"id":60,"date":"2015-12-04T23:26:39","date_gmt":"2015-12-04T22:26:39","guid":{"rendered":"https:\/\/www.cloemcv.il.pw.edu.pl\/?page_id=60"},"modified":"2020-12-28T11:57:23","modified_gmt":"2020-12-28T10:57:23","slug":"contact","status":"publish","type":"page","link":"https:\/\/www.cloemcv.il.pw.edu.pl\/?page_id=60&lang=en","title":{"rendered":"Contact"},"content":{"rendered":"<p class=\"center\"><strong>Politechnika Warszawska, Wydzia\u0142 In\u017cynierii L\u0105dowej, Zak\u0142ad In\u017cynierii Produkcji i Zarz\u0105dzania w Budownictwie<br \/>\n(Warsaw University of Technology, Civil Engineering Faculty, Division of Production Engineering and Construction Management)<br \/>\n<\/strong><\/p>\n<p>Armii Ludowej 16,<br \/>\nroom 520<br \/>\n00-637 Warsaw<br \/>\nPOLAND<\/p>\n<p>Phone: +48 22 234 6515,<br \/>\nFax : +48 22 825 7415<br \/>\nE-mail: <a href=\"mailto:books@il.pw.edu.pl\">books@il.pw.edu.pl<\/a><\/p>\n","protected":false},"excerpt":{"rendered":"<p>Politechnika Warszawska, Wydzia\u0142 In\u017cynierii L\u0105dowej, Zak\u0142ad In\u017cynierii Produkcji i Zarz\u0105dzania w Budownictwie (Warsaw University of Technology, Civil Engineering Faculty, Division of Production Engineering and Construction Management) Armii Ludowej 16, room 520 00-637 Warsaw POLAND Phone: +48 22 234 6515, Fax : +48 22 825 7415 E-mail: books@il.pw.edu.pl<\/p>\n","protected":false},"author":1,"featured_media":0,"parent":0,"menu_order":0,"comment_status":"closed","ping_status":"closed","template":"","meta":{"ngg_post_thumbnail":0,"footnotes":""},"class_list":["post-60","page","type-page","status-publish","hentry"],"_links":{"self":[{"href":"https:\/\/www.cloemcv.il.pw.edu.pl\/index.php?rest_route=\/wp\/v2\/pages\/60","targetHints":{"allow":["GET"]}}],"collection":[{"href":"https:\/\/www.cloemcv.il.pw.edu.pl\/index.php?rest_route=\/wp\/v2\/pages"}],"about":[{"href":"https:\/\/www.cloemcv.il.pw.edu.pl\/index.php?rest_route=\/wp\/v2\/types\/page"}],"author":[{"embeddable":true,"href":"https:\/\/www.cloemcv.il.pw.edu.pl\/index.php?rest_route=\/wp\/v2\/users\/1"}],"replies":[{"embeddable":true,"href":"https:\/\/www.cloemcv.il.pw.edu.pl\/index.php?rest_route=%2Fwp%2Fv2%2Fcomments&post=60"}],"version-history":[{"count":2,"href":"https:\/\/www.cloemcv.il.pw.edu.pl\/index.php?rest_route=\/wp\/v2\/pages\/60\/revisions"}],"predecessor-version":[{"id":920,"href":"https:\/\/www.cloemcv.il.pw.edu.pl\/index.php?rest_route=\/wp\/v2\/pages\/60\/revisions\/920"}],"wp:attachment":[{"href":"https:\/\/www.cloemcv.il.pw.edu.pl\/index.php?rest_route=%2Fwp%2Fv2%2Fmedia&parent=60"}],"curies":[{"name":"wp","href":"https:\/\/api.w.org\/{rel}","templated":true}]}}