{"id":19,"date":"2015-12-04T21:45:36","date_gmt":"2015-12-04T20:45:36","guid":{"rendered":"https:\/\/www.cloemcv.il.pw.edu.pl\/?page_id=19"},"modified":"2022-10-28T18:45:07","modified_gmt":"2022-10-28T16:45:07","slug":"o-projekcie","status":"publish","type":"page","link":"https:\/\/www.cloemcv.il.pw.edu.pl\/?page_id=19&lang=pl","title":{"rendered":"O projekcie"},"content":{"rendered":"<p style=\"text-align: left;\"><strong>Program Erasmus+<br \/>\n<\/strong><\/p>\n<p style=\"text-align: left;\"><strong>Wsp\u00f3\u0142praca na rzecz innowacji i dobrych praktyk<\/strong><\/p>\n<p style=\"text-align: left;\"><strong>Partnerstwa strategiczne i sojusze na rzecz umiej\u0119tno\u015bci<\/strong><\/p>\n<p style=\"text-align: left;\"><strong>Numer projektu: <b>2019-1-PL01-KA202-064996<\/b><\/strong><\/p>\n<p style=\"text-align: left;\"><strong>01.12.2019 \u2013 30.09.2022<\/strong><\/p>\n<p><strong>PROMOTOR:<\/strong><\/p>\n<p><a href=\"https:\/\/www.il.pw.edu.pl\/\" target=\"_blank\" rel=\"noopener noreferrer\">Wydzia\u0142 In\u017cynierii L\u0105dowej Politechnika Warszawska, PL<\/a><\/p>\n<p><strong>PARTNERZY:<\/strong><\/p>\n<p><a href=\"https:\/\/www.tu-darmstadt.de\/\" target=\"_blank\" rel=\"noopener noreferrer\">Technische Universit\u00e4t Darmstadt, DE<\/a><\/p>\n<p><a href=\"https:\/\/www.psmb.pl\/\" target=\"_blank\" rel=\"noopener noreferrer\">Polish Association of Building Managers, PL<\/a><\/p>\n<p><a href=\"http:\/\/www.upv.es\/\" target=\"_blank\" rel=\"noopener noreferrer\">Universitat Polit\u00e8cnica de Val\u00e8ncia, ES<\/a><\/p>\n<p><a href=\"https:\/\/www.aeebc.org\" target=\"_blank\" rel=\"noopener noreferrer\">Association of Building Surveyors and Construction Experts, IE<\/a><\/p>\n<p><a href=\"http:\/\/www.korporacjaradex.pl\/\" target=\"_blank\" rel=\"noopener noreferrer\">Korporacja RADEX S.A., PL<\/a><\/p>\n<p>&nbsp;<\/p>\n<p style=\"text-align: left;\"><strong>STRESZCZENIE:<\/strong><\/p>\n<p>Projekt odnosi si\u0119 do priorytet\u00f3w zwi\u0105zanych z sektorem kszta\u0142cenia i szkole\u0144 zawodowych, zak\u0142ada on popraw\u0119 szkole\u0144 i materia\u0142\u00f3w dydaktycznych w dziedzinie zarz\u0105dzania w budownictwie. Projekt odnosi si\u0119 tak\u017ce do priorytet\u00f3w horyzontalnych poprzez uproszczenie systemu rozpoznawania kwalifikacji zawodowych mened\u017cer\u00f3w budowlanych<\/p>\n<p>Poprawa systemu edukacji personelu sektora budowlanego jest kluczowa, aby budownictwo mog\u0142o by\u0107 zr\u00f3wnowa\u017cone oraz efektywne. Ze wzgl\u0119du na rozwarstwienie ekonomiczne w UE istnieje zjawisko migracji in\u017cynier\u00f3w i mened\u017cer\u00f3w budowlanych w obr\u0119bie UE. Nale\u017cy zapewni\u0107 im zunifikowany system kwalifikacji, rozpoznawania i certyfikacji umiej\u0119tno\u015bci na terenie ca\u0142ej Unii.<\/p>\n<p>Projekt zak\u0142ada powstanie sze\u015bciu nowych podr\u0119cznik\u00f3w Biblioteki Mened\u017cera Budowlanego. Podr\u0119czniki powstan\u0105 w czterech j\u0119zykach (polski, angielski, niemiecki, hiszpa\u0144ski) co pozwoli na wprowadzenie ich w wielu krajach oraz do system\u00f3w ECVET.<\/p>\n<p><strong>CELE:<\/strong><\/p>\n<ul>\n<li>Rozw\u00f3j kwalifikacji mened\u017cerskich oraz wiedzy in\u017cynier\u00f3w i urz\u0119dnik\u00f3w w celu lepszego wykorzystania funduszy unijnych, jako odpowied\u017a na zapotrzebowanie rynku pracy i rozw\u00f3j dialogu spo\u0142ecznego;<\/li>\n<li>Promocja rozpoznawalno\u015bci kwalifikacji poprzez utworzenie nowego narz\u0119dzia, kt\u00f3re pozwala na prezentowanie, por\u00f3wnywanie, oraz certyfikowanie kwalifikacji mened\u017cerskich in\u017cynier\u00f3w budowlanych;<\/li>\n<li>Nowo powsta\u0142e podr\u0119czniki pozwol\u0105 na utworzenie nowych szkole\u0144 zawodowych (formal and informal learning), kt\u00f3re uzupe\u0142ni\u0105 wiedz\u0119 techniczn\u0105 in\u017cynier\u00f3w budowlanych o umiej\u0119tno\u015bci potrzebne w prowadzeniu dzia\u0142alno\u015bci na europejskim rynku budowlano-inwestycyjnym;<\/li>\n<li>Wymiana najlepszych praktyk w dziedzinie zarz\u0105dzania (w ramach temat\u00f3w opisanych w podr\u0119cznikach) pomi\u0119dzy krajami Partnerstwa Strategicznego, oraz prezentacja do\u015bwiadczenia na poziomie Unii Europejskiej;<\/li>\n<li>Poprawa oferty kszta\u0142ce\u0144 zawodowych i szkole\u0144, podr\u0119czniki mog\u0105 zosta\u0107 wykorzystane w kursach zwi\u0105zanych z kszta\u0142ceniem ustawicznym, studiach podyplomowych na uczelniach wchodz\u0105cych w sk\u0142ad Partnerstwa, oraz do samodzielnej nauki.<\/li>\n<\/ul>\n<p><strong>ZAPOTRZEBOWANIE NA PROJEKT:<\/strong><\/p>\n<ul>\n<li>Potrzeba ci\u0105g\u0142ego podnoszenia kwalifikacji in\u017cynier\u00f3w i mened\u017cer\u00f3w na rynku UE;<\/li>\n<li>Konieczno\u015b\u0107 wprowadzenia i u\u017cywania wsp\u00f3lnych zasad rozpoznawania kwalifikacji, pozwoli to na wi\u0119ksz\u0105 mobilno\u015b\u0107 na rynku UE. AEEBC utworzy\u0142o ju\u017c tytu\u0142 Europejskiego Eksperta Budowlanego &#8211; European Building Expert (EurBE), kt\u00f3ry uzyskuje si\u0119 na podstawie oceny przeprowadzanej mi\u0119dzy innymi w oparciu o wiedz\u0119 zawart\u0105 w Bibliotece Mened\u017cera Budowlanego;<\/li>\n<li>Umo\u017cliwienie wymiany do\u015bwiadcze\u0144 i wiedzy pomi\u0119dzy krajami partnerskimi, w celu dostosowania procesu edukacji do wymaga\u0144 rynku UE.<\/li>\n<\/ul>\n<p><strong>PROJEKT POZYTYWNIE WP\u0141YNIE NA:<\/strong><\/p>\n<ul>\n<li>popraw\u0119 wielokulturowej wymiany najlepszych praktyk i wiedzy pomi\u0119dzy krajami partnerskimi, a w p\u00f3\u017aniejszym terminie r\u00f3wnie\u017c innymi krajami UE;<\/li>\n<li>zwi\u0119kszenie rozpoznawalno\u015bci regulacji prawnych w zakresie odpowiednich zagadnie\u0144 mened\u017cerskich prezentowanych w podr\u0119cznikach, na poziomie UE oraz w szczeg\u00f3lno\u015bci na poziomie kraj\u00f3w partnerstwa;<\/li>\n<li>wzmocnienie rozpoznawalno\u015bci i uznawania umiej\u0119tno\u015bci mened\u017cerskich w bran\u017cy budowlanej UE.<\/li>\n<\/ul>\n<p><strong>PLANOWANE REZULTATY PROJEKTU:<\/strong><\/p>\n<p>-M26 &#8211; Mentoring i coaching w budownictwie<\/p>\n<p>-M27 &#8211; Aspekty archeologiczne i ochrony dziedzictwa w budownictwie<\/p>\n<p>-M28 &#8211; Prze\u0142omowe innowacje w zarz\u0105dzaniu budow\u0105<\/p>\n<p>-M29 &#8211; Nowoczesna gospodarka o obiegu zamkni\u0119tym w budownictwie<\/p>\n<p>-M30 &#8211; Przyst\u0119pne budownictwo mieszkaniowe<\/p>\n<p>-M31 &#8211; Zr\u00f3wnowa\u017cony rozw\u00f3j spo\u0142eczny w budownictwie<\/p>\n<p>-M32 &#8211; dodatkowy manual &#8211; Zarz\u0105dzanie kryzysowe. Epidemia Covid \u2013 19 w budownictwie<\/p>\n<p>&nbsp;<\/p>\n<p>&nbsp;<\/p>\n<p>&nbsp;<\/p>\n<p>&nbsp;<\/p>\n","protected":false},"excerpt":{"rendered":"<p>Program Erasmus+ Wsp\u00f3\u0142praca na rzecz innowacji i dobrych praktyk Partnerstwa strategiczne i sojusze na rzecz umiej\u0119tno\u015bci Numer projektu: 2019-1-PL01-KA202-064996 01.12.2019 \u2013 30.09.2022 PROMOTOR: Wydzia\u0142 In\u017cynierii L\u0105dowej Politechnika Warszawska, PL PARTNERZY: Technische Universit\u00e4t Darmstadt, DE Polish Association of Building Managers, PL Universitat Polit\u00e8cnica de Val\u00e8ncia, ES Association of Building Surveyors and Construction Experts, IE Korporacja RADEX &hellip; <a href=\"https:\/\/www.cloemcv.il.pw.edu.pl\/?page_id=19&#038;lang=pl\" class=\"more-link\">Continue reading <span class=\"screen-reader-text\">O projekcie<\/span> <span class=\"meta-nav\">&rarr;<\/span><\/a><\/p>\n","protected":false},"author":1,"featured_media":0,"parent":0,"menu_order":0,"comment_status":"closed","ping_status":"closed","template":"","meta":{"ngg_post_thumbnail":0,"footnotes":""},"class_list":["post-19","page","type-page","status-publish","hentry"],"_links":{"self":[{"href":"https:\/\/www.cloemcv.il.pw.edu.pl\/index.php?rest_route=\/wp\/v2\/pages\/19","targetHints":{"allow":["GET"]}}],"collection":[{"href":"https:\/\/www.cloemcv.il.pw.edu.pl\/index.php?rest_route=\/wp\/v2\/pages"}],"about":[{"href":"https:\/\/www.cloemcv.il.pw.edu.pl\/index.php?rest_route=\/wp\/v2\/types\/page"}],"author":[{"embeddable":true,"href":"https:\/\/www.cloemcv.il.pw.edu.pl\/index.php?rest_route=\/wp\/v2\/users\/1"}],"replies":[{"embeddable":true,"href":"https:\/\/www.cloemcv.il.pw.edu.pl\/index.php?rest_route=%2Fwp%2Fv2%2Fcomments&post=19"}],"version-history":[{"count":14,"href":"https:\/\/www.cloemcv.il.pw.edu.pl\/index.php?rest_route=\/wp\/v2\/pages\/19\/revisions"}],"predecessor-version":[{"id":1226,"href":"https:\/\/www.cloemcv.il.pw.edu.pl\/index.php?rest_route=\/wp\/v2\/pages\/19\/revisions\/1226"}],"wp:attachment":[{"href":"https:\/\/www.cloemcv.il.pw.edu.pl\/index.php?rest_route=%2Fwp%2Fv2%2Fmedia&parent=19"}],"curies":[{"name":"wp","href":"https:\/\/api.w.org\/{rel}","templated":true}]}}